{"id":191,"date":"2025-12-08T17:06:18","date_gmt":"2025-12-08T17:06:18","guid":{"rendered":"https:\/\/btsaxelsantin.fr\/?page_id=191"},"modified":"2025-12-09T07:24:16","modified_gmt":"2025-12-09T07:24:16","slug":"stage-deuxieme-annee-2","status":"publish","type":"page","link":"https:\/\/btsaxelsantin.fr\/?page_id=191","title":{"rendered":"Stage premi\u00e8re ann\u00e9e"},"content":{"rendered":"\n<figure class=\"wp-block-table\"><table class=\"has-fixed-layout\"><tbody><tr><td>entreprise d\u00e9marcher<\/td><td>date de d\u00e9manchement <\/td><td>r\u00e9ponse <\/td><\/tr><tr><td><\/td><td><\/td><td><\/td><\/tr><\/tbody><\/table><\/figure>\n\n\n\n<p><\/p>\n","protected":false},"excerpt":{"rendered":"<p>entreprise d\u00e9marcher date de d\u00e9manchement r\u00e9ponse<\/p>\n","protected":false},"author":1,"featured_media":0,"parent":0,"menu_order":0,"comment_status":"closed","ping_status":"closed","template":"","meta":{"footnotes":""},"class_list":["post-191","page","type-page","status-publish","hentry"],"_links":{"self":[{"href":"https:\/\/btsaxelsantin.fr\/index.php?rest_route=\/wp\/v2\/pages\/191","targetHints":{"allow":["GET"]}}],"collection":[{"href":"https:\/\/btsaxelsantin.fr\/index.php?rest_route=\/wp\/v2\/pages"}],"about":[{"href":"https:\/\/btsaxelsantin.fr\/index.php?rest_route=\/wp\/v2\/types\/page"}],"author":[{"embeddable":true,"href":"https:\/\/btsaxelsantin.fr\/index.php?rest_route=\/wp\/v2\/users\/1"}],"replies":[{"embeddable":true,"href":"https:\/\/btsaxelsantin.fr\/index.php?rest_route=%2Fwp%2Fv2%2Fcomments&post=191"}],"version-history":[{"count":4,"href":"https:\/\/btsaxelsantin.fr\/index.php?rest_route=\/wp\/v2\/pages\/191\/revisions"}],"predecessor-version":[{"id":228,"href":"https:\/\/btsaxelsantin.fr\/index.php?rest_route=\/wp\/v2\/pages\/191\/revisions\/228"}],"wp:attachment":[{"href":"https:\/\/btsaxelsantin.fr\/index.php?rest_route=%2Fwp%2Fv2%2Fmedia&parent=191"}],"curies":[{"name":"wp","href":"https:\/\/api.w.org\/{rel}","templated":true}]}}