{"id":10,"date":"2025-12-02T08:04:08","date_gmt":"2025-12-02T08:04:08","guid":{"rendered":"https:\/\/btsaxelsantin.fr\/?page_id=10"},"modified":"2025-12-09T08:28:09","modified_gmt":"2025-12-09T08:28:09","slug":"contact","status":"publish","type":"page","link":"https:\/\/btsaxelsantin.fr\/?page_id=10","title":{"rendered":"Contact"},"content":{"rendered":"\n<div class=\"wp-block-columns is-layout-flex wp-container-core-columns-is-layout-28f84493 wp-block-columns-is-layout-flex\">\n<div class=\"wp-block-column is-layout-flow wp-block-column-is-layout-flow\" style=\"flex-basis:33.33%\">\n<p class=\"has-black-color has-white-background-color has-text-color has-background has-link-color wp-elements-5ae6996fdbaeb56e4b31cb8c46ac86fd\">num\u00e9ro de t\u00e9l\u00e9phone: <\/p>\n\n\n\n<p class=\"has-black-color has-white-background-color has-text-color has-background has-link-color wp-elements-c74511c7734bf6576554dac0a6d29134\">07 67 39 02 30<\/p>\n\n\n\n<p class=\"has-black-color has-white-background-color has-text-color has-background has-link-color wp-elements-acfd578d81bb4b3fd024af5133a44973\">adresse mail:<\/p>\n\n\n\n<p class=\"has-black-color has-white-background-color has-text-color has-background has-link-color wp-elements-bc2c4cd3076c603a8ec69a503c17ed00\">axelsantin743@gmail.com<\/p>\n\n\n\n<p><\/p>\n<\/div>\n\n\n\n<div class=\"wp-block-column is-layout-flow wp-block-column-is-layout-flow\" style=\"flex-basis:66.66%\">\n<iframe src=\"https:\/\/www.google.com\/maps\/embed?pb=!1m18!1m12!1m3!1d2899.6825575574826!2d6.715456076619599!3d43.383661169821515!2m3!1f0!2f0!3f0!3m2!1i1024!2i768!4f13.1!3m3!1m2!1s0x12cebdb81a3f1a8f%3A0x6374797c2d0b02c!2s502%20Bd%20Berlioz%2C%2083370%20Fr%C3%A9jus!5e0!3m2!1sfr!2sfr!4v1765268566300!5m2!1sfr!2sfr\" width=\"600\" height=\"450\" style=\"border:0;\" allowfullscreen=\"\" loading=\"lazy\" referrerpolicy=\"no-referrer-when-downgrade\"><\/iframe>\n\n<\/div>\n<\/div>\n","protected":false},"excerpt":{"rendered":"<p>num\u00e9ro de t\u00e9l\u00e9phone: 07 67 39 02 30 adresse mail: axelsantin743@gmail.com<\/p>\n","protected":false},"author":1,"featured_media":0,"parent":0,"menu_order":0,"comment_status":"closed","ping_status":"closed","template":"","meta":{"footnotes":""},"class_list":["post-10","page","type-page","status-publish","hentry"],"_links":{"self":[{"href":"https:\/\/btsaxelsantin.fr\/index.php?rest_route=\/wp\/v2\/pages\/10","targetHints":{"allow":["GET"]}}],"collection":[{"href":"https:\/\/btsaxelsantin.fr\/index.php?rest_route=\/wp\/v2\/pages"}],"about":[{"href":"https:\/\/btsaxelsantin.fr\/index.php?rest_route=\/wp\/v2\/types\/page"}],"author":[{"embeddable":true,"href":"https:\/\/btsaxelsantin.fr\/index.php?rest_route=\/wp\/v2\/users\/1"}],"replies":[{"embeddable":true,"href":"https:\/\/btsaxelsantin.fr\/index.php?rest_route=%2Fwp%2Fv2%2Fcomments&post=10"}],"version-history":[{"count":11,"href":"https:\/\/btsaxelsantin.fr\/index.php?rest_route=\/wp\/v2\/pages\/10\/revisions"}],"predecessor-version":[{"id":253,"href":"https:\/\/btsaxelsantin.fr\/index.php?rest_route=\/wp\/v2\/pages\/10\/revisions\/253"}],"wp:attachment":[{"href":"https:\/\/btsaxelsantin.fr\/index.php?rest_route=%2Fwp%2Fv2%2Fmedia&parent=10"}],"curies":[{"name":"wp","href":"https:\/\/api.w.org\/{rel}","templated":true}]}}